{"id":2,"date":"2025-05-19T08:31:20","date_gmt":"2025-05-19T06:31:20","guid":{"rendered":"http:\/\/keratynowe.pl\/?page_id=2"},"modified":"2025-05-19T21:32:21","modified_gmt":"2025-05-19T19:32:21","slug":"przykladowa-strona","status":"publish","type":"page","link":"https:\/\/keratynowe.pl\/?page_id=2","title":{"rendered":"O Salonie ALCHEM\u00c8 BEAUTY"},"content":{"rendered":"<p class=\"has-background\" style=\"background-color:#f78da852\">Alchem\u00e8 Beauty to salon fryzjersko-kosmetyczny w centrum Wroc\u0142awia, w kt\u00f3rym ka\u017cda wizyta zamienia si\u0119 w wyj\u0105tkowe do\u015bwiadczenie piel\u0119gnacyjne. Specjalizujemy si\u0119 w zabiegach rekonstrukcji  w\u0142os\u00f3w i zabiegach piel\u0119gnacyjnych <\/p><p class=\"has-background\" style=\"background-color:#f78da866\"><strong><em>Rezerwuj swoje wizyty ju\u017c dzi\u015b. <\/em><\/strong><\/p><p class=\"has-background\" style=\"background-color:#f78da85e\"><strong><em>wybierz dogodny termin<\/em><\/strong><\/p><p class=\"has-background\" style=\"background-color:#f78da869\"> <strong><em>Znajdziesz nas  na <a href=\"https:\/\/booksy.com\/pl-pl\/225396_alcheme-beauty_fryzjer_13750_wroclaw?do=invite&amp;_branch_match_id=1301544989103508977&amp;_branch_referrer=H4sIAAAAAAAAA8soKSkottLXT07J0UvKz88urtRLzs%2FVz82sLCjIMgrJ9EyyrytKTUstKsrMS49PKsovL04tsnXOKMrPTQUAAHTEADwAAAA%3D\" target=\"_blank\" rel=\"noreferrer noopener\">Booksy<\/a>.<\/em><\/strong><\/p><p><\/p>","protected":false},"excerpt":{"rendered":"<p>Alchem\u00e8 Beauty to salon fryzjersko-kosmetyczny w centrum Wroc\u0142awia, w kt\u00f3rym ka\u017cda wizyta zamienia si\u0119 w wyj\u0105tkowe do\u015bwiadczenie piel\u0119gnacyjne. Specjalizujemy si\u0119 w zabiegach rekonstrukcji w\u0142os\u00f3w i zabiegach piel\u0119gnacyjnych Rezerwuj swoje wizyty ju\u017c dzi\u015b. wybierz dogodny termin Znajdziesz nas na Booksy.<\/p>\n","protected":false},"author":1,"featured_media":61,"parent":0,"menu_order":0,"comment_status":"closed","ping_status":"open","template":"","meta":{"footnotes":""},"class_list":["post-2","page","type-page","status-publish","has-post-thumbnail","hentry"],"_links":{"self":[{"href":"https:\/\/keratynowe.pl\/index.php?rest_route=\/wp\/v2\/pages\/2","targetHints":{"allow":["GET"]}}],"collection":[{"href":"https:\/\/keratynowe.pl\/index.php?rest_route=\/wp\/v2\/pages"}],"about":[{"href":"https:\/\/keratynowe.pl\/index.php?rest_route=\/wp\/v2\/types\/page"}],"author":[{"embeddable":true,"href":"https:\/\/keratynowe.pl\/index.php?rest_route=\/wp\/v2\/users\/1"}],"replies":[{"embeddable":true,"href":"https:\/\/keratynowe.pl\/index.php?rest_route=%2Fwp%2Fv2%2Fcomments&post=2"}],"version-history":[{"count":2,"href":"https:\/\/keratynowe.pl\/index.php?rest_route=\/wp\/v2\/pages\/2\/revisions"}],"predecessor-version":[{"id":74,"href":"https:\/\/keratynowe.pl\/index.php?rest_route=\/wp\/v2\/pages\/2\/revisions\/74"}],"wp:featuredmedia":[{"embeddable":true,"href":"https:\/\/keratynowe.pl\/index.php?rest_route=\/wp\/v2\/media\/61"}],"wp:attachment":[{"href":"https:\/\/keratynowe.pl\/index.php?rest_route=%2Fwp%2Fv2%2Fmedia&parent=2"}],"curies":[{"name":"wp","href":"https:\/\/api.w.org\/{rel}","templated":true}]}}